{"id":3135,"date":"2025-09-25T12:27:59","date_gmt":"2025-09-25T12:27:59","guid":{"rendered":"https:\/\/ghettos2fada.fr\/?post_type=product&#038;p=3135"},"modified":"2025-09-25T12:27:59","modified_gmt":"2025-09-25T12:27:59","slug":"crown-csc-850l","status":"publish","type":"product","link":"https:\/\/ghettos2fada.fr\/index.php\/produit\/crown-csc-850l\/","title":{"rendered":"Crown CSC-850L"},"content":{"rendered":"<p>Le Crown CSC-850L est embl\u00e9matique du d\u00e9but des ann\u00e9es 80 en Europe.<br \/>\nCe mod\u00e8le, ici customis\u00e9 pour un \u00e9v\u00e8nement, est \u00e9quip\u00e9 de deux woofers de 20 cm qui d\u00e9livre un son puissant dans les graves, notamment\u00a0 gr\u00e2ce \u00e0 un \u00ab\u00a0Loudness\u00a0\u00bb tr\u00e8s efficace.<br \/>\nLe design est massif : larges molettes chrom\u00e9es (volume, tuning), poign\u00e9es lat\u00e9rales chrom\u00e9es et deux gros vu-m\u00e8tres \u00e0 aiguilles.<\/p>\n<p>Bien qu\u2019il n\u2019ait pas la finesse sonore de certains concurrents, il excelle pour fournir un son percutant et g\u00e9n\u00e9reux en basses, id\u00e9al pour ambiancer le voisinage, ce qui a fait son succ\u00e8s \u00e0 l\u2019\u00e9poque.<\/p>\n<p>Ce mod\u00e8le existe avec des grilles de HP carr\u00e9es sous la r\u00e9f\u00e9rences CSC-980L<\/p>\n","protected":false},"excerpt":{"rendered":"<p>Le Crown CSC-850L est embl\u00e9matique du d\u00e9but des ann\u00e9es 80 en Europe. Ce mod\u00e8le, ici customis\u00e9 pour [&hellip;]<\/p>\n","protected":false},"featured_media":3136,"comment_status":"open","ping_status":"closed","template":"","meta":[],"product_brand":[],"product_cat":[36],"product_tag":[],"class_list":{"0":"post-3135","1":"product","2":"type-product","3":"status-publish","4":"has-post-thumbnail","6":"product_cat-non-classe","8":"first","9":"instock","10":"shipping-taxable","11":"product-type-simple"},"_links":{"self":[{"href":"https:\/\/ghettos2fada.fr\/index.php\/wp-json\/wp\/v2\/product\/3135","targetHints":{"allow":["GET"]}}],"collection":[{"href":"https:\/\/ghettos2fada.fr\/index.php\/wp-json\/wp\/v2\/product"}],"about":[{"href":"https:\/\/ghettos2fada.fr\/index.php\/wp-json\/wp\/v2\/types\/product"}],"replies":[{"embeddable":true,"href":"https:\/\/ghettos2fada.fr\/index.php\/wp-json\/wp\/v2\/comments?post=3135"}],"wp:featuredmedia":[{"embeddable":true,"href":"https:\/\/ghettos2fada.fr\/index.php\/wp-json\/wp\/v2\/media\/3136"}],"wp:attachment":[{"href":"https:\/\/ghettos2fada.fr\/index.php\/wp-json\/wp\/v2\/media?parent=3135"}],"wp:term":[{"taxonomy":"product_brand","embeddable":true,"href":"https:\/\/ghettos2fada.fr\/index.php\/wp-json\/wp\/v2\/product_brand?post=3135"},{"taxonomy":"product_cat","embeddable":true,"href":"https:\/\/ghettos2fada.fr\/index.php\/wp-json\/wp\/v2\/product_cat?post=3135"},{"taxonomy":"product_tag","embeddable":true,"href":"https:\/\/ghettos2fada.fr\/index.php\/wp-json\/wp\/v2\/product_tag?post=3135"}],"curies":[{"name":"wp","href":"https:\/\/api.w.org\/{rel}","templated":true}]}}