{"id":3129,"date":"2025-09-23T19:00:22","date_gmt":"2025-09-23T19:00:22","guid":{"rendered":"https:\/\/ghettos2fada.fr\/?post_type=product&#038;p=3129"},"modified":"2025-09-25T08:07:34","modified_gmt":"2025-09-25T08:07:34","slug":"aiwa-tpr-990","status":"publish","type":"product","link":"https:\/\/ghettos2fada.fr\/index.php\/produit\/aiwa-tpr-990\/","title":{"rendered":"Aiwa TPR 990"},"content":{"rendered":"<p>Mod\u00e8le ultime de la s\u00e9rie TPR d\u2019Aiwa, combinant haute puissance et technologies avanc\u00e9es. Le TPR-990 reprend la configuration acoustique du 950 (woofers + tweeters) mais pousse les performances plus loin : amplificateur BTL d\u00e9livrant ~2\u00d76 W RMS, r\u00e9duction de bruit Dolby B pour la cassette, compatibilit\u00e9 avec les bandes m\u00e9tal (Type IV) et commandes \u00e0 touche sensitive (soft-touch) au lieu de m\u00e9caniques.<\/p>\n<p>La platine affiche une r\u00e9ponse en fr\u00e9quence \u00e9largie (45 Hz\u201318 kHz \u00b13 dB en cassette m\u00e9tal), synonyme d\u2019une excellente fid\u00e9lit\u00e9.<\/p>\n<p>Massif et imposant, le TPR-990 reste transportable et propose un son puissant et d\u00e9taill\u00e9 \u2013 il \u00e9tait l\u2019un des tout meilleurs ghettoblasters de 1980, marquant la fin de la s\u00e9rie TPR avant le passage aux mod\u00e8les \u201cCS\u201d chez Aiwa.<\/p>\n<p>Cr\u00e9dit photo : Yahoo Auction<br \/>\nEn attendant la s\u00e9ance en studio<\/p>\n","protected":false},"excerpt":{"rendered":"<p>Mod\u00e8le ultime de la s\u00e9rie TPR d\u2019Aiwa, combinant haute puissance et technologies avanc\u00e9es. Le TPR-990 reprend la [&hellip;]<\/p>\n","protected":false},"featured_media":3133,"comment_status":"open","ping_status":"closed","template":"","meta":[],"product_brand":[100],"product_cat":[37],"product_tag":[],"class_list":{"0":"post-3129","1":"product","2":"type-product","3":"status-publish","4":"has-post-thumbnail","6":"product_brand-aiwa","7":"product_cat-aiwa","9":"first","10":"instock","11":"shipping-taxable","12":"product-type-simple"},"_links":{"self":[{"href":"https:\/\/ghettos2fada.fr\/index.php\/wp-json\/wp\/v2\/product\/3129","targetHints":{"allow":["GET"]}}],"collection":[{"href":"https:\/\/ghettos2fada.fr\/index.php\/wp-json\/wp\/v2\/product"}],"about":[{"href":"https:\/\/ghettos2fada.fr\/index.php\/wp-json\/wp\/v2\/types\/product"}],"replies":[{"embeddable":true,"href":"https:\/\/ghettos2fada.fr\/index.php\/wp-json\/wp\/v2\/comments?post=3129"}],"wp:featuredmedia":[{"embeddable":true,"href":"https:\/\/ghettos2fada.fr\/index.php\/wp-json\/wp\/v2\/media\/3133"}],"wp:attachment":[{"href":"https:\/\/ghettos2fada.fr\/index.php\/wp-json\/wp\/v2\/media?parent=3129"}],"wp:term":[{"taxonomy":"product_brand","embeddable":true,"href":"https:\/\/ghettos2fada.fr\/index.php\/wp-json\/wp\/v2\/product_brand?post=3129"},{"taxonomy":"product_cat","embeddable":true,"href":"https:\/\/ghettos2fada.fr\/index.php\/wp-json\/wp\/v2\/product_cat?post=3129"},{"taxonomy":"product_tag","embeddable":true,"href":"https:\/\/ghettos2fada.fr\/index.php\/wp-json\/wp\/v2\/product_tag?post=3129"}],"curies":[{"name":"wp","href":"https:\/\/api.w.org\/{rel}","templated":true}]}}