{"id":2830,"date":"2025-07-29T22:52:55","date_gmt":"2025-07-29T22:52:55","guid":{"rendered":"https:\/\/ghettos2fada.fr\/?post_type=product&#038;p=2830"},"modified":"2025-09-01T09:50:45","modified_gmt":"2025-09-01T09:50:45","slug":"sharp-gf575","status":"publish","type":"product","link":"https:\/\/ghettos2fada.fr\/index.php\/produit\/sharp-gf575\/","title":{"rendered":"Sharp GF575"},"content":{"rendered":"<p>Tr\u00e8s large (67,5 cm), le Sharp GF-575 propose deux platines K7 frontales avec une excellente spatialisation st\u00e9r\u00e9o.<\/p>\n<p>Il est \u00e9quip\u00e9 des nombreuses fonctions astucieuses : programmateur d\u2019arr\u00eat\/enregistrement (il peut enregistrer la radio \u00e0 heure fixe), compteur digital de bande, et duplication K7-&gt;K7 en 2 vitesses (normale\/rapide) sur certains march\u00e9s.<\/p>\n<p>Esth\u00e9tiquement, ce mod\u00e8le frappe par son mur de commandes : les deux slots cassette c\u00f4te \u00e0 c\u00f4te, Vu metre LED, et les multiples commutateurs (Dolby B, s\u00e9lection Tape 1\/2, mix micros, etc.). Malgr\u00e9 cette profusion, Sharp a r\u00e9ussi \u00e0 conserver une ergonomie convenable en disposant logiquement chaque section. Le GF-575, fabriqu\u00e9 au Japon en 1982, a \u00e9t\u00e9 distribu\u00e9 mondialement et a eu beaucoup de succ\u00e8s : il a \u00e9t\u00e9 d\u00e9clin\u00e9 en plusieurs variantes, avec diff\u00e9rentes couleurs de panel et diff\u00e9rents amplis.<\/p>\n","protected":false},"excerpt":{"rendered":"<p>Tr\u00e8s large (67,5 cm), le Sharp GF-575 propose deux platines K7 frontales avec une excellente spatialisation st\u00e9r\u00e9o. [&hellip;]<\/p>\n","protected":false},"featured_media":2875,"comment_status":"open","ping_status":"closed","template":"","meta":[],"product_brand":[125],"product_cat":[36,53],"product_tag":[],"class_list":{"0":"post-2830","1":"product","2":"type-product","3":"status-publish","4":"has-post-thumbnail","6":"product_brand-sharp","7":"product_cat-non-classe","8":"product_cat-sharp","10":"first","11":"instock","12":"shipping-taxable","13":"product-type-simple"},"_links":{"self":[{"href":"https:\/\/ghettos2fada.fr\/index.php\/wp-json\/wp\/v2\/product\/2830","targetHints":{"allow":["GET"]}}],"collection":[{"href":"https:\/\/ghettos2fada.fr\/index.php\/wp-json\/wp\/v2\/product"}],"about":[{"href":"https:\/\/ghettos2fada.fr\/index.php\/wp-json\/wp\/v2\/types\/product"}],"replies":[{"embeddable":true,"href":"https:\/\/ghettos2fada.fr\/index.php\/wp-json\/wp\/v2\/comments?post=2830"}],"wp:featuredmedia":[{"embeddable":true,"href":"https:\/\/ghettos2fada.fr\/index.php\/wp-json\/wp\/v2\/media\/2875"}],"wp:attachment":[{"href":"https:\/\/ghettos2fada.fr\/index.php\/wp-json\/wp\/v2\/media?parent=2830"}],"wp:term":[{"taxonomy":"product_brand","embeddable":true,"href":"https:\/\/ghettos2fada.fr\/index.php\/wp-json\/wp\/v2\/product_brand?post=2830"},{"taxonomy":"product_cat","embeddable":true,"href":"https:\/\/ghettos2fada.fr\/index.php\/wp-json\/wp\/v2\/product_cat?post=2830"},{"taxonomy":"product_tag","embeddable":true,"href":"https:\/\/ghettos2fada.fr\/index.php\/wp-json\/wp\/v2\/product_tag?post=2830"}],"curies":[{"name":"wp","href":"https:\/\/api.w.org\/{rel}","templated":true}]}}