{"id":2829,"date":"2025-07-29T22:52:30","date_gmt":"2025-07-29T22:52:30","guid":{"rendered":"https:\/\/ghettos2fada.fr\/?post_type=product&#038;p=2829"},"modified":"2025-09-01T09:40:34","modified_gmt":"2025-09-01T09:40:34","slug":"sanyo-x920","status":"publish","type":"product","link":"https:\/\/ghettos2fada.fr\/index.php\/produit\/sanyo-x920\/","title":{"rendered":"Sanyo x920"},"content":{"rendered":"<p>Vaisseau amiral de Sanyo,\u00a0 le design g\u00e9n\u00e9ral du M-X920 est particuli\u00e8rement r\u00e9ussi : fa\u00e7ade en aluminium bross\u00e9, nombreuses commandes bien dispos\u00e9es, double vu-m\u00e8tre \u00e0 aiguilles, et \u00e9videment doubles antennes.<\/p>\n<p>Ses deux imposants woofers de 18 cm associ\u00e9s \u00e0 des tweeters de 5 cm produisent un son large et profond, pla\u00e7ant ce mod\u00e8le au niveau d&rsquo;un JVC M70 voir un M90.La platine cassette, de qualit\u00e9 hi-fi, int\u00e8gre la r\u00e9duction de bruit Dolby B, supporte les bandes Chrome et M\u00e9tal, et offre un pleurage tr\u00e8s faible \u2013 pour un son enregistr\u00e9 quasi exempt de souffle.\u00a0 Son son ample et muscl\u00e9, sa fiabilit\u00e9 et son look ravageur en font un boombox convoit\u00e9, et qui met tout le monde d&rsquo;accord.<\/p>\n","protected":false},"excerpt":{"rendered":"<p>Vaisseau amiral de Sanyo,\u00a0 le design g\u00e9n\u00e9ral du M-X920 est particuli\u00e8rement r\u00e9ussi : fa\u00e7ade en aluminium bross\u00e9, [&hellip;]<\/p>\n","protected":false},"featured_media":2865,"comment_status":"open","ping_status":"closed","template":"","meta":[],"product_brand":[111],"product_cat":[52],"product_tag":[],"class_list":{"0":"post-2829","1":"product","2":"type-product","3":"status-publish","4":"has-post-thumbnail","6":"product_brand-sanyo","7":"product_cat-sanyo","9":"first","10":"instock","11":"shipping-taxable","12":"product-type-simple"},"_links":{"self":[{"href":"https:\/\/ghettos2fada.fr\/index.php\/wp-json\/wp\/v2\/product\/2829","targetHints":{"allow":["GET"]}}],"collection":[{"href":"https:\/\/ghettos2fada.fr\/index.php\/wp-json\/wp\/v2\/product"}],"about":[{"href":"https:\/\/ghettos2fada.fr\/index.php\/wp-json\/wp\/v2\/types\/product"}],"replies":[{"embeddable":true,"href":"https:\/\/ghettos2fada.fr\/index.php\/wp-json\/wp\/v2\/comments?post=2829"}],"wp:featuredmedia":[{"embeddable":true,"href":"https:\/\/ghettos2fada.fr\/index.php\/wp-json\/wp\/v2\/media\/2865"}],"wp:attachment":[{"href":"https:\/\/ghettos2fada.fr\/index.php\/wp-json\/wp\/v2\/media?parent=2829"}],"wp:term":[{"taxonomy":"product_brand","embeddable":true,"href":"https:\/\/ghettos2fada.fr\/index.php\/wp-json\/wp\/v2\/product_brand?post=2829"},{"taxonomy":"product_cat","embeddable":true,"href":"https:\/\/ghettos2fada.fr\/index.php\/wp-json\/wp\/v2\/product_cat?post=2829"},{"taxonomy":"product_tag","embeddable":true,"href":"https:\/\/ghettos2fada.fr\/index.php\/wp-json\/wp\/v2\/product_tag?post=2829"}],"curies":[{"name":"wp","href":"https:\/\/api.w.org\/{rel}","templated":true}]}}