{"id":2828,"date":"2025-07-29T22:51:49","date_gmt":"2025-07-29T22:51:49","guid":{"rendered":"https:\/\/ghettos2fada.fr\/?post_type=product&#038;p=2828"},"modified":"2025-09-01T09:57:03","modified_gmt":"2025-09-01T09:57:03","slug":"national-rx70200","status":"publish","type":"product","link":"https:\/\/ghettos2fada.fr\/index.php\/produit\/national-rx70200\/","title":{"rendered":"National RX7200"},"content":{"rendered":"<p>Le RX-7200 est un boombox st\u00e9r\u00e9o fut con\u00e7u comme une v\u00e9ritable cha\u00eene hi-fi portable.<\/p>\n<p>Avec ces c\u00f4t\u00e9 simili-bois comme son petit fr\u00e8re le RX-7000, c&rsquo;est un boombox haut de gamme qui, de part son style, n&rsquo;est pas du tout un ghettoblaster.<\/p>\n<p>Propos\u00e9 uniquement au Japon (\u00e0 un prix astronomique de 145 000 \u00a5), le RX-7200 impressionne par sa construction toute en m\u00e9tal et ses composants audiophiles.<\/p>\n<p>Ses deux enceintes int\u00e8grent chacune un boomer de 16 cm et un tweeter de 5 cm, calibr\u00e9s pour une restitution tr\u00e8s neutre.\u00a0La platine cassette profite du Dolby B, d\u2019un double cabestan et supporte les bandes M\u00e9tal, assurant une qualit\u00e9 d\u2019enregistrement exceptionnelle. Le tuner digital couvre FM, PO, GO, OC et se distingue par sa sensibilit\u00e9 (m\u00eame sur ondes courtes).<\/p>\n<p>En r\u00e9sum\u00e9, c\u2019est un monstre de qualit\u00e9 aux finitions exemplaires, consid\u00e9r\u00e9 comme l\u2019un des boombox les plus aboutis techniquement de l\u2019\u00e8re 80 \u2013 recherch\u00e9 par les puristes pour sa sonorit\u00e9 quasi \u201csalon\u201d et sa raret\u00e9 (produit en quantit\u00e9s limit\u00e9es).<\/p>\n","protected":false},"excerpt":{"rendered":"<p>Le RX-7200 est un boombox st\u00e9r\u00e9o fut con\u00e7u comme une v\u00e9ritable cha\u00eene hi-fi portable. Avec ces c\u00f4t\u00e9 [&hellip;]<\/p>\n","protected":false},"featured_media":2859,"comment_status":"open","ping_status":"closed","template":"","meta":[],"product_brand":[107],"product_cat":[36,47],"product_tag":[],"class_list":{"0":"post-2828","1":"product","2":"type-product","3":"status-publish","4":"has-post-thumbnail","6":"product_brand-national-panasonic","7":"product_cat-non-classe","8":"product_cat-national-panasonic","10":"first","11":"instock","12":"shipping-taxable","13":"product-type-simple"},"_links":{"self":[{"href":"https:\/\/ghettos2fada.fr\/index.php\/wp-json\/wp\/v2\/product\/2828","targetHints":{"allow":["GET"]}}],"collection":[{"href":"https:\/\/ghettos2fada.fr\/index.php\/wp-json\/wp\/v2\/product"}],"about":[{"href":"https:\/\/ghettos2fada.fr\/index.php\/wp-json\/wp\/v2\/types\/product"}],"replies":[{"embeddable":true,"href":"https:\/\/ghettos2fada.fr\/index.php\/wp-json\/wp\/v2\/comments?post=2828"}],"wp:featuredmedia":[{"embeddable":true,"href":"https:\/\/ghettos2fada.fr\/index.php\/wp-json\/wp\/v2\/media\/2859"}],"wp:attachment":[{"href":"https:\/\/ghettos2fada.fr\/index.php\/wp-json\/wp\/v2\/media?parent=2828"}],"wp:term":[{"taxonomy":"product_brand","embeddable":true,"href":"https:\/\/ghettos2fada.fr\/index.php\/wp-json\/wp\/v2\/product_brand?post=2828"},{"taxonomy":"product_cat","embeddable":true,"href":"https:\/\/ghettos2fada.fr\/index.php\/wp-json\/wp\/v2\/product_cat?post=2828"},{"taxonomy":"product_tag","embeddable":true,"href":"https:\/\/ghettos2fada.fr\/index.php\/wp-json\/wp\/v2\/product_tag?post=2828"}],"curies":[{"name":"wp","href":"https:\/\/api.w.org\/{rel}","templated":true}]}}