{"id":2823,"date":"2025-07-29T22:49:27","date_gmt":"2025-07-29T22:49:27","guid":{"rendered":"https:\/\/ghettos2fada.fr\/?post_type=product&#038;p=2823"},"modified":"2025-09-01T10:05:43","modified_gmt":"2025-09-01T10:05:43","slug":"national-rx7000","status":"publish","type":"product","link":"https:\/\/ghettos2fada.fr\/index.php\/produit\/national-rx7000\/","title":{"rendered":"National RX7000"},"content":{"rendered":"<p>Le RX-7000 pr\u00e9c\u00e8de directement le RX-7200 et en constitue la base. Flagship Panasonic de 1979, il propose d\u00e9j\u00e0 un son st\u00e9r\u00e9o d\u2019excellente facture via ses enceintes 2 voies<\/p>\n<p>Son amplificateur, un peu moins puissant (~2\u00d77 W RMS), alimente ces HP pour un son ample en int\u00e9rieur. Il int\u00e8gre un Stereo Wide commutable, qui \u00e9largit la sc\u00e8ne sonore, et un loudness efficace. Sa platine cassette, haut de gamme pour l\u2019\u00e9poque, offre un faible pleurage et supporte les bandes Chrome (un commutateur Normal\/FeCr est pr\u00e9sent), mais ne poss\u00e8de pas de Dolby B \u2013 c\u2019est l\u2019une des diff\u00e9rences avec le RX-7200 qui le remplacera.<\/p>\n<p>Le tuner analogique multi-bandes du RX-7000 est ultra sensible et fourni avec des touches de pr\u00e9s\u00e9lection FM (5 stations m\u00e9morisables), atout rare en 1979. Esth\u00e9tiquement, il ressemble beaucoup au 7200 : fa\u00e7ade alu, doubles vu-m\u00e8tres, nombreuses diodes (t\u00e9moin st\u00e9r\u00e9o, indicateurs de source). Le RX-7000 fut acclam\u00e9 pour sa qualit\u00e9 de fabrication (m\u00e9canique de cassette douce, commandes solides) et son rendu sonore tr\u00e8s propre. Il a \u00e9tabli une r\u00e9f\u00e9rence sur le march\u00e9 des ghettoblasters haut de gamme avant que Panasonic ne pousse encore plus loin les performances avec le RX-7200.<\/p>\n","protected":false},"excerpt":{"rendered":"<p>Le RX-7000 pr\u00e9c\u00e8de directement le RX-7200 et en constitue la base. Flagship Panasonic de 1979, il propose [&hellip;]<\/p>\n","protected":false},"featured_media":2856,"comment_status":"open","ping_status":"closed","template":"","meta":[],"product_brand":[107],"product_cat":[36,47],"product_tag":[],"class_list":{"0":"post-2823","1":"product","2":"type-product","3":"status-publish","4":"has-post-thumbnail","6":"product_brand-national-panasonic","7":"product_cat-non-classe","8":"product_cat-national-panasonic","10":"first","11":"instock","12":"shipping-taxable","13":"product-type-simple"},"_links":{"self":[{"href":"https:\/\/ghettos2fada.fr\/index.php\/wp-json\/wp\/v2\/product\/2823","targetHints":{"allow":["GET"]}}],"collection":[{"href":"https:\/\/ghettos2fada.fr\/index.php\/wp-json\/wp\/v2\/product"}],"about":[{"href":"https:\/\/ghettos2fada.fr\/index.php\/wp-json\/wp\/v2\/types\/product"}],"replies":[{"embeddable":true,"href":"https:\/\/ghettos2fada.fr\/index.php\/wp-json\/wp\/v2\/comments?post=2823"}],"wp:featuredmedia":[{"embeddable":true,"href":"https:\/\/ghettos2fada.fr\/index.php\/wp-json\/wp\/v2\/media\/2856"}],"wp:attachment":[{"href":"https:\/\/ghettos2fada.fr\/index.php\/wp-json\/wp\/v2\/media?parent=2823"}],"wp:term":[{"taxonomy":"product_brand","embeddable":true,"href":"https:\/\/ghettos2fada.fr\/index.php\/wp-json\/wp\/v2\/product_brand?post=2823"},{"taxonomy":"product_cat","embeddable":true,"href":"https:\/\/ghettos2fada.fr\/index.php\/wp-json\/wp\/v2\/product_cat?post=2823"},{"taxonomy":"product_tag","embeddable":true,"href":"https:\/\/ghettos2fada.fr\/index.php\/wp-json\/wp\/v2\/product_tag?post=2823"}],"curies":[{"name":"wp","href":"https:\/\/api.w.org\/{rel}","templated":true}]}}