{"id":2822,"date":"2025-07-29T22:49:09","date_gmt":"2025-07-29T22:49:09","guid":{"rendered":"https:\/\/ghettos2fada.fr\/?post_type=product&#038;p=2822"},"modified":"2025-09-01T10:18:16","modified_gmt":"2025-09-01T10:18:16","slug":"national-rs4250","status":"publish","type":"product","link":"https:\/\/ghettos2fada.fr\/index.php\/produit\/national-rs4250\/","title":{"rendered":"National RS4250"},"content":{"rendered":"<p>Le RS-4250 (ou MAC ST-5 au Japon) est un boombox de taille moyenne et donc de puissance modeste mais \u00e9quilibr\u00e9e.<\/p>\n<p>Sorti en 1977, il se distingue par son look de baroudeur unique, tout en restant tr\u00e8s sobre. Parfois surnomm\u00e9 \u201cBlack Beauty\u201d, il dispose d&rsquo;une sangle de transport \u00e0 la place de la poign\u00e9e, et de deux \u00ab\u00a0part-buffles\u00a0\u00bb pour appuyer le c\u00f4t\u00e9 tout terrain du poste.<\/p>\n<p>Techniquement, il offre un tuner AM\/FM robuste (pas d\u2019OC sur ce mod\u00e8le) et une platine cassette standard (enregistrement manuel, sans Dolby). C\u2019est une pi\u00e8ce de collection qui incarne bien l\u2019arriv\u00e9e du boombox st\u00e9r\u00e9o \u00e0 la fin des 70s, conjuguant radio, cassette et m\u00eame micro\/sono dans un seul appareil.<\/p>\n<p>&nbsp;<\/p>\n","protected":false},"excerpt":{"rendered":"<p>Le RS-4250 (ou MAC ST-5 au Japon) est un boombox de taille moyenne et donc de puissance [&hellip;]<\/p>\n","protected":false},"featured_media":2854,"comment_status":"open","ping_status":"closed","template":"","meta":[],"product_brand":[],"product_cat":[47],"product_tag":[],"class_list":{"0":"post-2822","1":"product","2":"type-product","3":"status-publish","4":"has-post-thumbnail","6":"product_cat-national-panasonic","8":"first","9":"instock","10":"shipping-taxable","11":"product-type-simple"},"_links":{"self":[{"href":"https:\/\/ghettos2fada.fr\/index.php\/wp-json\/wp\/v2\/product\/2822","targetHints":{"allow":["GET"]}}],"collection":[{"href":"https:\/\/ghettos2fada.fr\/index.php\/wp-json\/wp\/v2\/product"}],"about":[{"href":"https:\/\/ghettos2fada.fr\/index.php\/wp-json\/wp\/v2\/types\/product"}],"replies":[{"embeddable":true,"href":"https:\/\/ghettos2fada.fr\/index.php\/wp-json\/wp\/v2\/comments?post=2822"}],"wp:featuredmedia":[{"embeddable":true,"href":"https:\/\/ghettos2fada.fr\/index.php\/wp-json\/wp\/v2\/media\/2854"}],"wp:attachment":[{"href":"https:\/\/ghettos2fada.fr\/index.php\/wp-json\/wp\/v2\/media?parent=2822"}],"wp:term":[{"taxonomy":"product_brand","embeddable":true,"href":"https:\/\/ghettos2fada.fr\/index.php\/wp-json\/wp\/v2\/product_brand?post=2822"},{"taxonomy":"product_cat","embeddable":true,"href":"https:\/\/ghettos2fada.fr\/index.php\/wp-json\/wp\/v2\/product_cat?post=2822"},{"taxonomy":"product_tag","embeddable":true,"href":"https:\/\/ghettos2fada.fr\/index.php\/wp-json\/wp\/v2\/product_tag?post=2822"}],"curies":[{"name":"wp","href":"https:\/\/api.w.org\/{rel}","templated":true}]}}