{"id":2820,"date":"2025-07-29T22:48:29","date_gmt":"2025-07-29T22:48:29","guid":{"rendered":"https:\/\/ghettos2fada.fr\/?post_type=product&#038;p=2820"},"modified":"2025-09-01T10:23:24","modified_gmt":"2025-09-01T10:23:24","slug":"jvc-rc-m75","status":"publish","type":"product","link":"https:\/\/ghettos2fada.fr\/index.php\/produit\/jvc-rc-m75\/","title":{"rendered":"JVC RC-M75"},"content":{"rendered":"<p>Version ultra-rare d\u00e9riv\u00e9e du RC-M70, propos\u00e9e en s\u00e9rie limit\u00e9e sur le march\u00e9 europ\u00e9en, le RC-M75 reprend toutes les caract\u00e9ristiques du M70 standard (puissant ampli 2\u00d78 W, HP 16 cm + tweeters, Dolby B, entr\u00e9es phono\/ligne, etc.) mais s\u2019enrichit de quelques fonctionnalit\u00e9s jusqu&rsquo;alors r\u00e9serv\u00e9es au mach\u00e9 japonais.<\/p>\n<p>Ce mod\u00e8le se distingue surtout par sa finition champagne\/dor\u00e9e tr\u00e8s pris\u00e9e. Pour le reste, on retrouve le design et la robustesse du M70 : double vu-m\u00e8tres \u00e0 aiguilles, aspect m\u00e9tal, mode Loudness, etc.<\/p>\n<p>Le son demeure riche, avec des basses profondes et une grande clart\u00e9. Objet de convoitise par sa raret\u00e9 (particuli\u00e8rement aux USA), le RC-M75 est consid\u00e9r\u00e9 comme l\u2019un des saints graals des collectionneurs JVC, combinant l\u2019excellence sonore du M70 et la touche d\u2019exclusivit\u00e9 qui fait la diff\u00e9rence.<\/p>\n","protected":false},"excerpt":{"rendered":"<p>Version ultra-rare d\u00e9riv\u00e9e du RC-M70, propos\u00e9e en s\u00e9rie limit\u00e9e sur le march\u00e9 europ\u00e9en, le RC-M75 reprend toutes [&hellip;]<\/p>\n","protected":false},"featured_media":2847,"comment_status":"open","ping_status":"closed","template":"","meta":[],"product_brand":[106],"product_cat":[36,46],"product_tag":[],"class_list":{"0":"post-2820","1":"product","2":"type-product","3":"status-publish","4":"has-post-thumbnail","6":"product_brand-jvc","7":"product_cat-non-classe","8":"product_cat-jvc","10":"first","11":"instock","12":"shipping-taxable","13":"product-type-simple"},"_links":{"self":[{"href":"https:\/\/ghettos2fada.fr\/index.php\/wp-json\/wp\/v2\/product\/2820","targetHints":{"allow":["GET"]}}],"collection":[{"href":"https:\/\/ghettos2fada.fr\/index.php\/wp-json\/wp\/v2\/product"}],"about":[{"href":"https:\/\/ghettos2fada.fr\/index.php\/wp-json\/wp\/v2\/types\/product"}],"replies":[{"embeddable":true,"href":"https:\/\/ghettos2fada.fr\/index.php\/wp-json\/wp\/v2\/comments?post=2820"}],"wp:featuredmedia":[{"embeddable":true,"href":"https:\/\/ghettos2fada.fr\/index.php\/wp-json\/wp\/v2\/media\/2847"}],"wp:attachment":[{"href":"https:\/\/ghettos2fada.fr\/index.php\/wp-json\/wp\/v2\/media?parent=2820"}],"wp:term":[{"taxonomy":"product_brand","embeddable":true,"href":"https:\/\/ghettos2fada.fr\/index.php\/wp-json\/wp\/v2\/product_brand?post=2820"},{"taxonomy":"product_cat","embeddable":true,"href":"https:\/\/ghettos2fada.fr\/index.php\/wp-json\/wp\/v2\/product_cat?post=2820"},{"taxonomy":"product_tag","embeddable":true,"href":"https:\/\/ghettos2fada.fr\/index.php\/wp-json\/wp\/v2\/product_tag?post=2820"}],"curies":[{"name":"wp","href":"https:\/\/api.w.org\/{rel}","templated":true}]}}