{"id":2819,"date":"2025-07-29T22:48:07","date_gmt":"2025-07-29T22:48:07","guid":{"rendered":"https:\/\/ghettos2fada.fr\/?post_type=product&#038;p=2819"},"modified":"2025-09-01T10:30:07","modified_gmt":"2025-09-01T10:30:07","slug":"jvc-rc550","status":"publish","type":"product","link":"https:\/\/ghettos2fada.fr\/index.php\/produit\/jvc-rc550\/","title":{"rendered":"JVC RC550"},"content":{"rendered":"<p>Surnomm\u00e9 \u201cEl Diablo\u201d, le JVC RC-550 est l\u2019un des plus gros boombox \u00ab\u00a0mono\u00a0\u00bb jamais construits.\u00a0 Mono\u2026 mais quel monstre sonore : il ne comporte certes qu\u2019un canal, mais diffus\u00e9 par un woofer gigantesque de 25 cm de diam\u00e8tre (!) \u00e9paul\u00e9 par un m\u00e9dium de 10 cm et un tweeter de 5 cm \u2013 un syst\u00e8me tri-voies complet.<\/p>\n<p>C\u00f4t\u00e9 commandes : de larges potentiom\u00e8tres, un unique vu-m\u00e8tre LED g\u00e9ant, un micro orientable&#8230;\u00a0 \u00a0La construction est ultra-massive avec ces deux \u00ab\u00a0part buffles\u00a0\u00bb.<\/p>\n<p>Ic\u00f4ne de la fin des 70s, un boombox d\u2019exception, un \u00e9norme poste qui incarne l\u2019esprit \u201cghetto-blaster\u201d dans toute sa splendeur, pens\u00e9 pour envoyer du son loin et fort : les basses sont \u00e9normes, les voix bien pr\u00e9sentes \u2013 au d\u00e9triment, il est vrai, de la st\u00e9r\u00e9ophonie.<\/p>\n","protected":false},"excerpt":{"rendered":"<p>Surnomm\u00e9 \u201cEl Diablo\u201d, le JVC RC-550 est l\u2019un des plus gros boombox \u00ab\u00a0mono\u00a0\u00bb jamais construits.\u00a0 Mono\u2026 mais [&hellip;]<\/p>\n","protected":false},"featured_media":2852,"comment_status":"open","ping_status":"closed","template":"","meta":[],"product_brand":[106],"product_cat":[36,46],"product_tag":[],"class_list":{"0":"post-2819","1":"product","2":"type-product","3":"status-publish","4":"has-post-thumbnail","6":"product_brand-jvc","7":"product_cat-non-classe","8":"product_cat-jvc","10":"first","11":"instock","12":"shipping-taxable","13":"product-type-simple"},"_links":{"self":[{"href":"https:\/\/ghettos2fada.fr\/index.php\/wp-json\/wp\/v2\/product\/2819","targetHints":{"allow":["GET"]}}],"collection":[{"href":"https:\/\/ghettos2fada.fr\/index.php\/wp-json\/wp\/v2\/product"}],"about":[{"href":"https:\/\/ghettos2fada.fr\/index.php\/wp-json\/wp\/v2\/types\/product"}],"replies":[{"embeddable":true,"href":"https:\/\/ghettos2fada.fr\/index.php\/wp-json\/wp\/v2\/comments?post=2819"}],"wp:featuredmedia":[{"embeddable":true,"href":"https:\/\/ghettos2fada.fr\/index.php\/wp-json\/wp\/v2\/media\/2852"}],"wp:attachment":[{"href":"https:\/\/ghettos2fada.fr\/index.php\/wp-json\/wp\/v2\/media?parent=2819"}],"wp:term":[{"taxonomy":"product_brand","embeddable":true,"href":"https:\/\/ghettos2fada.fr\/index.php\/wp-json\/wp\/v2\/product_brand?post=2819"},{"taxonomy":"product_cat","embeddable":true,"href":"https:\/\/ghettos2fada.fr\/index.php\/wp-json\/wp\/v2\/product_cat?post=2819"},{"taxonomy":"product_tag","embeddable":true,"href":"https:\/\/ghettos2fada.fr\/index.php\/wp-json\/wp\/v2\/product_tag?post=2819"}],"curies":[{"name":"wp","href":"https:\/\/api.w.org\/{rel}","templated":true}]}}