{"id":2815,"date":"2025-07-29T22:45:45","date_gmt":"2025-07-29T22:45:45","guid":{"rendered":"https:\/\/ghettos2fada.fr\/?post_type=product&#038;p=2815"},"modified":"2025-09-23T15:34:08","modified_gmt":"2025-09-23T15:34:08","slug":"tpr-950","status":"publish","type":"product","link":"https:\/\/ghettos2fada.fr\/index.php\/produit\/tpr-950\/","title":{"rendered":"Aiwa TPR-950"},"content":{"rendered":"<p>Le TPR 950 est un boombox de moyenne taille consid\u00e9r\u00e9 comme une r\u00e9f\u00e9rence sonore en 1978.<\/p>\n<p>Sa platine cassette- tr\u00e8s complexe \u00e0 restaurer- est d\u2019excellente facture (t\u00eate \u00ab Ferrite Guard \u00bb) On y trouve des r\u00e9glages complets (balance- basses- aigus) ainsi qu\u2019un mode Loudness (renforcement des basses).<\/p>\n<p>L\u2019appareil dispose de 2 VU-m\u00e8tres analogiques + indicateurs LED pour le niveau et de fonctionnalit\u00e9s avanc\u00e9es pour l\u2019\u00e9poque : timer d\u2019arr\u00eat- s\u00e9lection manuelle ou auto du niveau d\u2019enregistrement (ALC)- entr\u00e9es\/sorties multiples (ligne- micro- antenne externe&#8230;).<\/p>\n<p>La gamme \u00ab\u00a0TPR\u00a0\u00bb sera par la suite remplac\u00e9e par la gamme \u00ab\u00a0CS\u00a0\u00bbchez Aiwa.<\/p>\n","protected":false},"excerpt":{"rendered":"<p>Le TPR 950 est un boombox de moyenne taille consid\u00e9r\u00e9 comme une r\u00e9f\u00e9rence sonore en 1978. Sa [&hellip;]<\/p>\n","protected":false},"featured_media":3050,"comment_status":"open","ping_status":"closed","template":"","meta":[],"product_brand":[100],"product_cat":[37],"product_tag":[],"class_list":{"0":"post-2815","1":"product","2":"type-product","3":"status-publish","4":"has-post-thumbnail","6":"product_brand-aiwa","7":"product_cat-aiwa","9":"first","10":"instock","11":"shipping-taxable","12":"product-type-simple"},"_links":{"self":[{"href":"https:\/\/ghettos2fada.fr\/index.php\/wp-json\/wp\/v2\/product\/2815","targetHints":{"allow":["GET"]}}],"collection":[{"href":"https:\/\/ghettos2fada.fr\/index.php\/wp-json\/wp\/v2\/product"}],"about":[{"href":"https:\/\/ghettos2fada.fr\/index.php\/wp-json\/wp\/v2\/types\/product"}],"replies":[{"embeddable":true,"href":"https:\/\/ghettos2fada.fr\/index.php\/wp-json\/wp\/v2\/comments?post=2815"}],"wp:featuredmedia":[{"embeddable":true,"href":"https:\/\/ghettos2fada.fr\/index.php\/wp-json\/wp\/v2\/media\/3050"}],"wp:attachment":[{"href":"https:\/\/ghettos2fada.fr\/index.php\/wp-json\/wp\/v2\/media?parent=2815"}],"wp:term":[{"taxonomy":"product_brand","embeddable":true,"href":"https:\/\/ghettos2fada.fr\/index.php\/wp-json\/wp\/v2\/product_brand?post=2815"},{"taxonomy":"product_cat","embeddable":true,"href":"https:\/\/ghettos2fada.fr\/index.php\/wp-json\/wp\/v2\/product_cat?post=2815"},{"taxonomy":"product_tag","embeddable":true,"href":"https:\/\/ghettos2fada.fr\/index.php\/wp-json\/wp\/v2\/product_tag?post=2815"}],"curies":[{"name":"wp","href":"https:\/\/api.w.org\/{rel}","templated":true}]}}