{"id":3075,"date":"2025-09-02T13:01:07","date_gmt":"2025-09-02T13:01:07","guid":{"rendered":"https:\/\/ghettos2fada.fr\/?page_id=3075"},"modified":"2025-09-02T13:16:37","modified_gmt":"2025-09-02T13:16:37","slug":"politique-de-confidentialite","status":"publish","type":"page","link":"https:\/\/ghettos2fada.fr\/index.php\/politique-de-confidentialite\/","title":{"rendered":"Politique de confidentialit\u00e9"},"content":{"rendered":"<div class=\"fusion-fullwidth fullwidth-box fusion-builder-row-1 fusion-flex-container has-pattern-background has-mask-background nonhundred-percent-fullwidth non-hundred-percent-height-scrolling\" style=\"--awb-border-radius-top-left:0px;--awb-border-radius-top-right:0px;--awb-border-radius-bottom-right:0px;--awb-border-radius-bottom-left:0px;--awb-flex-wrap:wrap;\" ><div class=\"fusion-builder-row fusion-row fusion-flex-align-items-flex-start fusion-flex-content-wrap\" style=\"max-width:1331.2px;margin-left: calc(-4% \/ 2 );margin-right: calc(-4% \/ 2 );\"><div class=\"fusion-layout-column fusion_builder_column fusion-builder-column-0 fusion_builder_column_1_1 1_1 fusion-flex-column\" style=\"--awb-bg-size:cover;--awb-width-large:100%;--awb-margin-top-large:20px;--awb-spacing-right-large:1.92%;--awb-margin-bottom-large:20px;--awb-spacing-left-large:1.92%;--awb-width-medium:100%;--awb-order-medium:0;--awb-spacing-right-medium:1.92%;--awb-spacing-left-medium:1.92%;--awb-width-small:100%;--awb-order-small:0;--awb-spacing-right-small:1.92%;--awb-spacing-left-small:1.92%;\"><div class=\"fusion-column-wrapper fusion-column-has-shadow fusion-flex-justify-content-flex-start fusion-content-layout-column\"><div class=\"fusion-text fusion-text-1\"><p data-start=\"243\" data-end=\"277\"><strong data-start=\"243\" data-end=\"277\">Mise \u00e0 jour le 10 Juillet 2025<\/strong><\/p>\n<p data-start=\"279\" data-end=\"524\">La soci\u00e9t\u00e9 <strong data-start=\"290\" data-end=\"306\">Agence Miyou<\/strong> (telle que d\u00e9finie \u00e0 l\u2019article 1 ci-apr\u00e8s), diffuse des informations et de l\u2019actualit\u00e9 de sa propre entreprise et propose un formulaire de contact sur son site Internet <strong data-start=\"476\" data-end=\"509\"><a class=\"decorated-link\" href=\"https:\/\/www.ghettos2fada.com\/?utm_source=chatgpt.com\" target=\"_new\" rel=\"noopener\" data-start=\"478\" data-end=\"507\">https:\/\/www.ghettos2fada.com\/<\/a><\/strong> (le \u00ab Site \u00bb).<\/p>\n<p data-start=\"526\" data-end=\"788\">Pour faciliter les \u00e9changes avec les visiteurs et am\u00e9liorer la pertinence du contenu du site, la soci\u00e9t\u00e9 <strong data-start=\"631\" data-end=\"647\">Agence Miyou<\/strong> collecte des donn\u00e9es \u00e0 caract\u00e8re personnel (les \u00ab Donn\u00e9es \u00bb) des utilisateurs de son site (ensemble ci-apr\u00e8s d\u00e9nomm\u00e9s les \u00ab Utilisateurs \u00bb).<\/p>\n<p data-start=\"790\" data-end=\"971\">La pr\u00e9sente politique de confidentialit\u00e9 a pour objet d\u2019informer les Utilisateurs des moyens mis en \u0153uvre pour collecter, consulter, traiter et conserver leurs donn\u00e9es personnelles.<\/p>\n<p data-start=\"973\" data-end=\"1414\">La soci\u00e9t\u00e9 <strong data-start=\"984\" data-end=\"1000\">Agence Miyou<\/strong>, en qualit\u00e9 de responsable de traitement, s\u2019engage \u00e0 respecter les dispositions du r\u00e8glement relatif \u00e0 la protection des personnes physiques \u00e0 l\u2019\u00e9gard du traitement des donn\u00e9es \u00e0 caract\u00e8re personnel et \u00e0 la libre circulation de ces donn\u00e9es n\u00b02016\/679 du Parlement europ\u00e9en et du Conseil du 27 avril 2016 et de la loi fran\u00e7aise n\u00b078\/17 du 6 janvier 1978, telle que modifi\u00e9e (dite \u00ab Loi Informatique et Libert\u00e9s \u00bb).<\/p>\n<p data-start=\"1416\" data-end=\"1662\">L\u2019Utilisateur est inform\u00e9 que certaines Donn\u00e9es doivent \u00eatre collect\u00e9es par <strong data-start=\"1492\" data-end=\"1508\">Agence Miyou<\/strong> afin de pouvoir fournir ses services. Si l\u2019Utilisateur ne souhaite pas communiquer ces donn\u00e9es, <strong data-start=\"1605\" data-end=\"1621\">Agence Miyou<\/strong> ne pourra pas accomplir ses prestations.<\/p>\n<p data-start=\"1664\" data-end=\"1981\">La pr\u00e9sente politique de confidentialit\u00e9 (\u00ab Politique \u00bb) peut \u00eatre modifi\u00e9e \u00e0 tout moment par <strong data-start=\"1758\" data-end=\"1774\">Agence Miyou<\/strong>, afin notamment de se conformer \u00e0 toutes \u00e9volutions r\u00e9glementaires, jurisprudentielles, \u00e9ditoriales ou techniques. L\u2019Utilisateur doit se r\u00e9f\u00e9rer avant toute navigation \u00e0 la derni\u00e8re version de la Politique.<\/p>\n<hr data-start=\"1983\" data-end=\"1986\">\n<h2 data-start=\"1988\" data-end=\"2019\">Le Responsable de Traitement<\/h2>\n<p data-start=\"2021\" data-end=\"2149\">Le responsable de traitement, qui collecte les donn\u00e9es \u00e0 caract\u00e8re personnel et met en \u0153uvre les traitements de Donn\u00e9es, est :<\/p>\n<p data-start=\"2151\" data-end=\"2370\"><strong data-start=\"2151\" data-end=\"2167\">Agence Miyou<\/strong><br data-start=\"2167\" data-end=\"2170\">SIRET : <strong data-start=\"2178\" data-end=\"2196\">82328970700023<\/strong><br data-start=\"2196\" data-end=\"2199\">Activit\u00e9 : <strong data-start=\"2210\" data-end=\"2270\">70.21Z \u2013 Conseil en relations publiques et communication<\/strong><br data-start=\"2270\" data-end=\"2273\">Adresse : <strong data-start=\"2283\" data-end=\"2331\">176 chemin de la grange, 30126 Lirac, France<\/strong><br data-start=\"2331\" data-end=\"2334\">E-mail : <strong data-start=\"2343\" data-end=\"2368\"><a class=\"decorated-link cursor-pointer\" rel=\"noopener\" data-start=\"2345\" data-end=\"2366\">hello@agencemiyou.com<\/a><\/strong><\/p>\n<p data-start=\"2372\" data-end=\"2435\">(ci-apr\u00e8s l\u2019\u00ab \u00c9diteur \u00bb ou le \u00ab Responsable de Traitement \u00bb).<\/p>\n<hr data-start=\"2437\" data-end=\"2440\">\n<h2 data-start=\"2442\" data-end=\"2478\">Collecte des donn\u00e9es personnelles<\/h2>\n<p data-start=\"2480\" data-end=\"2621\">La soci\u00e9t\u00e9 <strong data-start=\"2491\" data-end=\"2507\">Agence Miyou<\/strong> est amen\u00e9e \u00e0 collecter les Donn\u00e9es personnelles des Utilisateurs sur le Site <strong data-start=\"2585\" data-end=\"2618\"><a class=\"decorated-link\" href=\"https:\/\/www.ghettos2fada.com\/?utm_source=chatgpt.com\" target=\"_new\" rel=\"noopener\" data-start=\"2587\" data-end=\"2616\">https:\/\/www.ghettos2fada.com\/<\/a><\/strong>.<\/p>\n<p data-start=\"2623\" data-end=\"2688\">Les Donn\u00e9es susceptibles d\u2019\u00eatre collect\u00e9es sont les suivantes :<\/p>\n<ul data-start=\"2690\" data-end=\"3140\">\n<li data-start=\"2690\" data-end=\"2825\">\n<p data-start=\"2692\" data-end=\"2825\">Donn\u00e9es du compte de l\u2019Utilisateur : pr\u00e9nom, nom, adresse e-mail, num\u00e9ro de t\u00e9l\u00e9phone mobile lors de l\u2019inscription \u00e0 la newsletter.<\/p>\n<\/li>\n<li data-start=\"2826\" data-end=\"2956\">\n<p data-start=\"2828\" data-end=\"2956\">\u00c9changes r\u00e9alis\u00e9s via le formulaire de contact : pr\u00e9nom, nom, adresse e-mail, num\u00e9ro de t\u00e9l\u00e9phone mobile, messages personnels.<\/p>\n<\/li>\n<li data-start=\"2957\" data-end=\"3140\">\n<p data-start=\"2959\" data-end=\"3140\">Donn\u00e9es relatives \u00e0 la navigation : date, heure de connexion et\/ou de navigation, type de navigateur, langue du navigateur, adresse IP, donn\u00e9es de localisation et g\u00e9olocalisation.<\/p>\n<\/li>\n<\/ul>\n<p data-start=\"3142\" data-end=\"3395\">Les fournisseurs tiers d\u2019applications renvoyant sur le Site et\/ou sur les r\u00e9seaux sociaux (par ex. Facebook, Instagram, Calendly) peuvent aussi collecter certaines donn\u00e9es des Utilisateurs directement selon leurs propres politiques de confidentialit\u00e9.<\/p>\n<hr data-start=\"3397\" data-end=\"3400\">\n<h2 data-start=\"3402\" data-end=\"3429\">Finalit\u00e9s de la collecte<\/h2>\n<p data-start=\"3431\" data-end=\"3492\">Les Donn\u00e9es recueillies font l\u2019objet d\u2019un Traitement pour :<\/p>\n<ul data-start=\"3494\" data-end=\"3783\">\n<li data-start=\"3494\" data-end=\"3518\">\n<p data-start=\"3496\" data-end=\"3518\">g\u00e9rer la newsletter,<\/p>\n<\/li>\n<li data-start=\"3519\" data-end=\"3570\">\n<p data-start=\"3521\" data-end=\"3570\">administrer le Site et lutter contre la fraude,<\/p>\n<\/li>\n<li data-start=\"3571\" data-end=\"3626\">\n<p data-start=\"3573\" data-end=\"3626\">r\u00e9pondre aux demandes via le formulaire de contact,<\/p>\n<\/li>\n<li data-start=\"3627\" data-end=\"3695\">\n<p data-start=\"3629\" data-end=\"3695\">analyser la fr\u00e9quentation et am\u00e9liorer l\u2019exp\u00e9rience utilisateur,<\/p>\n<\/li>\n<li data-start=\"3696\" data-end=\"3783\">\n<p data-start=\"3698\" data-end=\"3783\">proposer des offres et communications personnalis\u00e9es (avec consentement pr\u00e9alable).<\/p>\n<\/li>\n<\/ul>\n<hr data-start=\"3785\" data-end=\"3788\">\n<h2 data-start=\"3790\" data-end=\"3818\">Destinataires des donn\u00e9es<\/h2>\n<p data-start=\"3820\" data-end=\"4031\">Les donn\u00e9es personnelles collect\u00e9es sont destin\u00e9es uniquement \u00e0 <strong data-start=\"3884\" data-end=\"3900\">Agence Miyou<\/strong> et, le cas \u00e9ch\u00e9ant, \u00e0 ses sous-traitants techniques (h\u00e9bergement, e-mailing, maintenance, analyse de fr\u00e9quentation type Matomo).<\/p>\n<p data-start=\"4033\" data-end=\"4126\">Les donn\u00e9es peuvent \u00eatre transmises aux autorit\u00e9s comp\u00e9tentes en cas de r\u00e9quisition l\u00e9gale.<\/p>\n<hr data-start=\"4128\" data-end=\"4131\">\n<h2 data-start=\"4133\" data-end=\"4159\">Droits des Utilisateurs<\/h2>\n<p data-start=\"4161\" data-end=\"4250\">Conform\u00e9ment au RGPD (articles 14 \u00e0 22), tout Utilisateur dispose des droits suivants :<\/p>\n<ul data-start=\"4252\" data-end=\"4429\">\n<li data-start=\"4252\" data-end=\"4302\">\n<p data-start=\"4254\" data-end=\"4302\">droit d\u2019acc\u00e8s, de rectification, d\u2019effacement,<\/p>\n<\/li>\n<li data-start=\"4303\" data-end=\"4343\">\n<p data-start=\"4305\" data-end=\"4343\">droit d\u2019opposition et de limitation,<\/p>\n<\/li>\n<li data-start=\"4344\" data-end=\"4371\">\n<p data-start=\"4346\" data-end=\"4371\">droit \u00e0 la portabilit\u00e9,<\/p>\n<\/li>\n<li data-start=\"4372\" data-end=\"4429\">\n<p data-start=\"4374\" data-end=\"4429\">droit d\u2019organiser le sort de ses donn\u00e9es apr\u00e8s d\u00e9c\u00e8s.<\/p>\n<\/li>\n<\/ul>\n<p data-start=\"4431\" data-end=\"4530\">L\u2019Utilisateur peut exercer ses droits en contactant <strong data-start=\"4483\" data-end=\"4508\"><a class=\"decorated-link cursor-pointer\" rel=\"noopener\" data-start=\"4485\" data-end=\"4506\">hello@agencemiyou.com<\/a><\/strong> ou par courrier \u00e0 :<\/p>\n<p data-start=\"4532\" data-end=\"4597\"><strong data-start=\"4532\" data-end=\"4595\">Agence Miyou \u2013 176 chemin de la grange, 30126 Lirac, France<\/strong><\/p>\n<p data-start=\"4599\" data-end=\"4648\">Un justificatif d\u2019identit\u00e9 pourra \u00eatre demand\u00e9.<\/p>\n<p data-start=\"4650\" data-end=\"4736\">En cas de non-r\u00e9ponse, l\u2019Utilisateur peut saisir la <strong data-start=\"4702\" data-end=\"4710\">CNIL<\/strong> (<a class=\"decorated-link\" href=\"https:\/\/www.cnil.fr\/?utm_source=chatgpt.com\" target=\"_new\" rel=\"noopener\" data-start=\"4712\" data-end=\"4732\">https:\/\/www.cnil.fr\/<\/a>).<\/p>\n<hr data-start=\"4738\" data-end=\"4741\">\n<h2 data-start=\"4743\" data-end=\"4767\">Dur\u00e9e de conservation<\/h2>\n<p data-start=\"4769\" data-end=\"4942\">Les Donn\u00e9es sont conserv\u00e9es pendant une dur\u00e9e maximale de <strong data-start=\"4827\" data-end=\"4836\">3 ans<\/strong> apr\u00e8s le dernier contact de l\u2019Utilisateur. Certaines donn\u00e9es peuvent \u00eatre archiv\u00e9es \u00e0 des fins l\u00e9gales.<\/p>\n<hr data-start=\"4944\" data-end=\"4947\">\n<h2 data-start=\"4949\" data-end=\"4960\">S\u00e9curit\u00e9<\/h2>\n<p data-start=\"4962\" data-end=\"5164\"><strong data-start=\"4962\" data-end=\"4978\">Agence Miyou<\/strong> s\u2019engage \u00e0 mettre en \u0153uvre toutes les mesures techniques et organisationnelles n\u00e9cessaires pour prot\u00e9ger les Donn\u00e9es contre toute perte, alt\u00e9ration, acc\u00e8s non autoris\u00e9 ou divulgation.<\/p>\n<hr data-start=\"5166\" data-end=\"5169\">\n<h2 data-start=\"5171\" data-end=\"5181\">Cookies<\/h2>\n<p data-start=\"5183\" data-end=\"5294\">Lors de la navigation sur le Site, des cookies peuvent \u00eatre install\u00e9s sur le terminal de l\u2019Utilisateur pour :<\/p>\n<ul data-start=\"5296\" data-end=\"5450\">\n<li data-start=\"5296\" data-end=\"5338\">\n<p data-start=\"5298\" data-end=\"5338\">assurer le bon fonctionnement du Site,<\/p>\n<\/li>\n<li data-start=\"5339\" data-end=\"5400\">\n<p data-start=\"5341\" data-end=\"5400\">mesurer l\u2019audience et am\u00e9liorer l\u2019exp\u00e9rience utilisateur,<\/p>\n<\/li>\n<li data-start=\"5401\" data-end=\"5450\">\n<p data-start=\"5403\" data-end=\"5450\">personnaliser les contenus et communications.<\/p>\n<\/li>\n<\/ul>\n<p data-start=\"5452\" data-end=\"5548\">L\u2019Utilisateur peut configurer son navigateur pour g\u00e9rer ses pr\u00e9f\u00e9rences en mati\u00e8re de cookies.<\/p>\n<hr data-start=\"5550\" data-end=\"5553\">\n<h2 data-start=\"5555\" data-end=\"5573\">R\u00e9seaux sociaux<\/h2>\n<p data-start=\"5575\" data-end=\"5792\">Le Site peut inclure des liens ou fonctionnalit\u00e9s li\u00e9s \u00e0 des r\u00e9seaux sociaux (Facebook, Instagram, etc.). L\u2019Utilisateur est inform\u00e9 que les donn\u00e9es publi\u00e9es sur ces plateformes peuvent \u00eatre accessibles publiquement.<\/p>\n<hr data-start=\"5794\" data-end=\"5797\">\n<h2 data-start=\"5799\" data-end=\"5828\">Liens vers des sites tiers<\/h2>\n<p data-start=\"5830\" data-end=\"6000\">Le Site peut contenir des liens vers d\u2019autres sites g\u00e9r\u00e9s par des tiers. <strong data-start=\"5903\" data-end=\"5919\">Agence Miyou<\/strong> n\u2019est pas responsable de leurs pratiques en mati\u00e8re de protection des donn\u00e9es.<\/p>\n<\/div><\/div><\/div><\/div><\/div>\n","protected":false},"excerpt":{"rendered":"","protected":false},"author":1,"featured_media":0,"parent":0,"menu_order":0,"comment_status":"closed","ping_status":"closed","template":"100-width.php","meta":{"footnotes":""},"class_list":["post-3075","page","type-page","status-publish","hentry"],"_links":{"self":[{"href":"https:\/\/ghettos2fada.fr\/index.php\/wp-json\/wp\/v2\/pages\/3075","targetHints":{"allow":["GET"]}}],"collection":[{"href":"https:\/\/ghettos2fada.fr\/index.php\/wp-json\/wp\/v2\/pages"}],"about":[{"href":"https:\/\/ghettos2fada.fr\/index.php\/wp-json\/wp\/v2\/types\/page"}],"author":[{"embeddable":true,"href":"https:\/\/ghettos2fada.fr\/index.php\/wp-json\/wp\/v2\/users\/1"}],"replies":[{"embeddable":true,"href":"https:\/\/ghettos2fada.fr\/index.php\/wp-json\/wp\/v2\/comments?post=3075"}],"version-history":[{"count":2,"href":"https:\/\/ghettos2fada.fr\/index.php\/wp-json\/wp\/v2\/pages\/3075\/revisions"}],"predecessor-version":[{"id":3086,"href":"https:\/\/ghettos2fada.fr\/index.php\/wp-json\/wp\/v2\/pages\/3075\/revisions\/3086"}],"wp:attachment":[{"href":"https:\/\/ghettos2fada.fr\/index.php\/wp-json\/wp\/v2\/media?parent=3075"}],"curies":[{"name":"wp","href":"https:\/\/api.w.org\/{rel}","templated":true}]}}